{"id":1597,"date":"2022-11-17T13:18:52","date_gmt":"2022-11-17T19:18:52","guid":{"rendered":"http:\/\/cap-saifv.com.mx.previewc75.carrierzone.com\/?post_type=product&#038;p=1597"},"modified":"2023-01-11T13:54:17","modified_gmt":"2023-01-11T19:54:17","slug":"ecrolicine-ultra","status":"publish","type":"product","link":"http:\/\/cap-saifv.com.mx\/?product=ecrolicine-ultra","title":{"rendered":"Ecrolicine Ultra\u00ae"},"content":{"rendered":"<p class=\"_04xlpA direction-ltr align-justify para-style-body\"><span class=\"JsGRdQ\">Antimicrobiano de amplio espectro en polvo soluble. Es una combinaci\u00f3n sin\u00e9rgica de eritromicina (antibi\u00f3tico macr\u00f3lido) y sulfato de colistina (en\u00e9rgico ciclopolip\u00e9ptido), recomendado para combatir las principales enfermedades bacterianas de las aves.<\/span><\/p>\n<p>Auxiliar en el tratamiento y control de las enfermedades<br \/>\nbacterianas de las aves, como:<br \/>\n\u2022 Enfermedad cr\u00f3nica respiratoria<br \/>\n\u2022 Coriza aviar<br \/>\n\u2022 Colibacilosis<br \/>\n\u2022 Salmonelosis<br \/>\n\u2022 Efectivo contra:<br \/>\n\u2022 Mycoplasma gallisepticum<br \/>\n\u2022 Mycoplasma synoviae<\/p>\n","protected":false},"excerpt":{"rendered":"<p>Es una combinaci\u00f3n de eritromicina y sulfato de colistina, que posee acci\u00f3n antibacteriana por su efecto de bloqueo sobre endotoxinas.<\/p>\n","protected":false},"featured_media":1854,"comment_status":"open","ping_status":"closed","template":"","meta":{"_uag_custom_page_level_css":"","site-sidebar-layout":"default","site-content-layout":"default","ast-global-header-display":"","ast-main-header-display":"","ast-hfb-above-header-display":"","ast-hfb-below-header-display":"","ast-hfb-mobile-header-display":"","site-post-title":"","ast-breadcrumbs-content":"","ast-featured-img":"","footer-sml-layout":"","theme-transparent-header-meta":"default","adv-header-id-meta":"","stick-header-meta":"","header-above-stick-meta":"","header-main-stick-meta":"","header-below-stick-meta":"","_joinchat":[]},"product_brand":[],"product_cat":[39],"product_tag":[68],"class_list":{"0":"post-1597","1":"product","2":"type-product","3":"status-publish","4":"has-post-thumbnail","6":"product_cat-aves","7":"product_tag-antibiotico","8":"desktop-align-center","9":"tablet-align-left","10":"mobile-align-left","12":"first","13":"instock","14":"taxable","15":"shipping-taxable","16":"purchasable","17":"product-type-simple"},"uagb_featured_image_src":{"full":["http:\/\/cap-saifv.com.mx.previewc75.carrierzone.com\/wp-content\/uploads\/2022\/11\/IFV-ECROLICINE-ULTRA-10K.jpg",1512,1512,false],"thumbnail":["http:\/\/cap-saifv.com.mx.previewc75.carrierzone.com\/wp-content\/uploads\/2022\/11\/IFV-ECROLICINE-ULTRA-10K-150x150.jpg",150,150,true],"medium":["http:\/\/cap-saifv.com.mx.previewc75.carrierzone.com\/wp-content\/uploads\/2022\/11\/IFV-ECROLICINE-ULTRA-10K-300x300.jpg",300,300,true],"medium_large":["http:\/\/cap-saifv.com.mx.previewc75.carrierzone.com\/wp-content\/uploads\/2022\/11\/IFV-ECROLICINE-ULTRA-10K-768x768.jpg",768,768,true],"large":["http:\/\/cap-saifv.com.mx.previewc75.carrierzone.com\/wp-content\/uploads\/2022\/11\/IFV-ECROLICINE-ULTRA-10K-1024x1024.jpg",1024,1024,true],"1536x1536":["http:\/\/cap-saifv.com.mx.previewc75.carrierzone.com\/wp-content\/uploads\/2022\/11\/IFV-ECROLICINE-ULTRA-10K.jpg",1512,1512,false],"2048x2048":["http:\/\/cap-saifv.com.mx.previewc75.carrierzone.com\/wp-content\/uploads\/2022\/11\/IFV-ECROLICINE-ULTRA-10K.jpg",1512,1512,false],"woocommerce_thumbnail":["http:\/\/cap-saifv.com.mx.previewc75.carrierzone.com\/wp-content\/uploads\/2022\/11\/IFV-ECROLICINE-ULTRA-10K-300x300.jpg",300,300,true],"woocommerce_single":["http:\/\/cap-saifv.com.mx.previewc75.carrierzone.com\/wp-content\/uploads\/2022\/11\/IFV-ECROLICINE-ULTRA-10K-600x600.jpg",600,600,true],"woocommerce_gallery_thumbnail":["http:\/\/cap-saifv.com.mx.previewc75.carrierzone.com\/wp-content\/uploads\/2022\/11\/IFV-ECROLICINE-ULTRA-10K-100x100.jpg",100,100,true],"dgwt-wcas-product-suggestion":["http:\/\/cap-saifv.com.mx.previewc75.carrierzone.com\/wp-content\/uploads\/2022\/11\/IFV-ECROLICINE-ULTRA-10K-64x64.jpg",64,64,true]},"uagb_author_info":{"display_name":"capsaifv2022","author_link":"http:\/\/cap-saifv.com.mx\/?author=0"},"uagb_comment_info":0,"uagb_excerpt":"Es una combinaci\u00f3n de eritromicina y sulfato de colistina, que posee acci\u00f3n antibacteriana por su efecto de bloqueo sobre endotoxinas.","_links":{"self":[{"href":"http:\/\/cap-saifv.com.mx\/index.php?rest_route=\/wp\/v2\/product\/1597","targetHints":{"allow":["GET"]}}],"collection":[{"href":"http:\/\/cap-saifv.com.mx\/index.php?rest_route=\/wp\/v2\/product"}],"about":[{"href":"http:\/\/cap-saifv.com.mx\/index.php?rest_route=\/wp\/v2\/types\/product"}],"replies":[{"embeddable":true,"href":"http:\/\/cap-saifv.com.mx\/index.php?rest_route=%2Fwp%2Fv2%2Fcomments&post=1597"}],"version-history":[{"count":4,"href":"http:\/\/cap-saifv.com.mx\/index.php?rest_route=\/wp\/v2\/product\/1597\/revisions"}],"predecessor-version":[{"id":1855,"href":"http:\/\/cap-saifv.com.mx\/index.php?rest_route=\/wp\/v2\/product\/1597\/revisions\/1855"}],"wp:featuredmedia":[{"embeddable":true,"href":"http:\/\/cap-saifv.com.mx\/index.php?rest_route=\/wp\/v2\/media\/1854"}],"wp:attachment":[{"href":"http:\/\/cap-saifv.com.mx\/index.php?rest_route=%2Fwp%2Fv2%2Fmedia&parent=1597"}],"wp:term":[{"taxonomy":"product_brand","embeddable":true,"href":"http:\/\/cap-saifv.com.mx\/index.php?rest_route=%2Fwp%2Fv2%2Fproduct_brand&post=1597"},{"taxonomy":"product_cat","embeddable":true,"href":"http:\/\/cap-saifv.com.mx\/index.php?rest_route=%2Fwp%2Fv2%2Fproduct_cat&post=1597"},{"taxonomy":"product_tag","embeddable":true,"href":"http:\/\/cap-saifv.com.mx\/index.php?rest_route=%2Fwp%2Fv2%2Fproduct_tag&post=1597"}],"curies":[{"name":"wp","href":"https:\/\/api.w.org\/{rel}","templated":true}]}}